{"id":30,"date":"2025-12-14T15:03:54","date_gmt":"2025-12-14T14:03:54","guid":{"rendered":"http:\/\/www.valerierevel2026.fr\/?page_id=30"},"modified":"2026-03-13T21:24:35","modified_gmt":"2026-03-13T20:24:35","slug":"accueil2","status":"publish","type":"page","link":"https:\/\/www.valerierevel2026.fr\/","title":{"rendered":"Accueil"},"content":{"rendered":"\t\t<div data-elementor-type=\"wp-page\" data-elementor-id=\"30\" class=\"elementor elementor-30\">\n\t\t\t\t<div class=\"elementor-element elementor-element-6a62a40 e-flex e-con-boxed e-con e-parent\" data-id=\"6a62a40\" data-element_type=\"container\" data-e-type=\"container\">\n\t\t\t\t\t<div class=\"e-con-inner\">\n\t\t\t\t<div class=\"elementor-element elementor-element-ac514c3 elementor-widget elementor-widget-heading\" data-id=\"ac514c3\" data-element_type=\"widget\" data-e-type=\"widget\" data-widget_type=\"heading.default\">\n\t\t\t\t\t<h2 class=\"elementor-heading-title elementor-size-default\">Le vrai du faux<\/h2>\t\t\t\t<\/div>\n\t\t\t\t\t<\/div>\n\t\t\t\t<\/div>\n\t\t<div class=\"elementor-element elementor-element-f34e2bc e-grid e-con-boxed e-con e-parent\" data-id=\"f34e2bc\" data-element_type=\"container\" data-e-type=\"container\">\n\t\t\t\t\t<div class=\"e-con-inner\">\n\t\t\t\t<div class=\"elementor-element elementor-element-a7cc2df elementor-widget elementor-widget-image\" data-id=\"a7cc2df\" data-element_type=\"widget\" data-e-type=\"widget\" data-widget_type=\"image.default\">\n\t\t\t\t\t\t\t\t\t\t\t\t\t\t\t\t<a href=\"http:\/\/www.valerierevel2026.fr\/wp-content\/uploads\/2026\/03\/VERSO_LE-VRAI-du-FAUX.jpg\" data-elementor-open-lightbox=\"yes\" data-elementor-lightbox-title=\"VERSO_LE-VRAI-du-FAUX\" data-e-action-hash=\"#elementor-action%3Aaction%3Dlightbox%26settings%3DeyJpZCI6MjgwLCJ1cmwiOiJodHRwczpcL1wvd3d3LnZhbGVyaWVyZXZlbDIwMjYuZnJcL3dwLWNvbnRlbnRcL3VwbG9hZHNcLzIwMjZcLzAzXC9WRVJTT19MRS1WUkFJLWR1LUZBVVguanBnIn0%3D\">\n\t\t\t\t\t\t\t<img fetchpriority=\"high\" decoding=\"async\" width=\"212\" height=\"300\" src=\"https:\/\/www.valerierevel2026.fr\/wp-content\/uploads\/2026\/03\/VERSO_LE-VRAI-du-FAUX-212x300.jpg\" class=\"attachment-medium size-medium wp-image-280\" alt=\"\" srcset=\"https:\/\/www.valerierevel2026.fr\/wp-content\/uploads\/2026\/03\/VERSO_LE-VRAI-du-FAUX-212x300.jpg 212w, https:\/\/www.valerierevel2026.fr\/wp-content\/uploads\/2026\/03\/VERSO_LE-VRAI-du-FAUX-723x1024.jpg 723w, https:\/\/www.valerierevel2026.fr\/wp-content\/uploads\/2026\/03\/VERSO_LE-VRAI-du-FAUX-768x1087.jpg 768w, https:\/\/www.valerierevel2026.fr\/wp-content\/uploads\/2026\/03\/VERSO_LE-VRAI-du-FAUX-1085x1536.jpg 1085w, https:\/\/www.valerierevel2026.fr\/wp-content\/uploads\/2026\/03\/VERSO_LE-VRAI-du-FAUX.jpg 1413w\" sizes=\"100vw\" \/>\t\t\t\t\t\t\t\t<\/a>\n\t\t\t\t\t\t\t\t\t\t\t\t\t\t\t<\/div>\n\t\t\t\t<div class=\"elementor-element elementor-element-dd138ae elementor-widget elementor-widget-image\" data-id=\"dd138ae\" data-element_type=\"widget\" data-e-type=\"widget\" data-widget_type=\"image.default\">\n\t\t\t\t\t\t\t\t\t\t\t\t\t\t\t\t<a href=\"http:\/\/www.valerierevel2026.fr\/wp-content\/uploads\/2026\/03\/RECTO_LE-VRAI-du-FAUX.jpg\" data-elementor-open-lightbox=\"yes\" data-elementor-lightbox-title=\"RECTO_LE-VRAI-du-FAUX\" data-e-action-hash=\"#elementor-action%3Aaction%3Dlightbox%26settings%3DeyJpZCI6Mjc5LCJ1cmwiOiJodHRwczpcL1wvd3d3LnZhbGVyaWVyZXZlbDIwMjYuZnJcL3dwLWNvbnRlbnRcL3VwbG9hZHNcLzIwMjZcLzAzXC9SRUNUT19MRS1WUkFJLWR1LUZBVVguanBnIn0%3D\">\n\t\t\t\t\t\t\t<img decoding=\"async\" width=\"212\" height=\"300\" src=\"https:\/\/www.valerierevel2026.fr\/wp-content\/uploads\/2026\/03\/RECTO_LE-VRAI-du-FAUX-212x300.jpg\" class=\"attachment-medium size-medium wp-image-279\" alt=\"\" srcset=\"https:\/\/www.valerierevel2026.fr\/wp-content\/uploads\/2026\/03\/RECTO_LE-VRAI-du-FAUX-212x300.jpg 212w, https:\/\/www.valerierevel2026.fr\/wp-content\/uploads\/2026\/03\/RECTO_LE-VRAI-du-FAUX-723x1024.jpg 723w, https:\/\/www.valerierevel2026.fr\/wp-content\/uploads\/2026\/03\/RECTO_LE-VRAI-du-FAUX-768x1087.jpg 768w, https:\/\/www.valerierevel2026.fr\/wp-content\/uploads\/2026\/03\/RECTO_LE-VRAI-du-FAUX-1085x1536.jpg 1085w, https:\/\/www.valerierevel2026.fr\/wp-content\/uploads\/2026\/03\/RECTO_LE-VRAI-du-FAUX.jpg 1413w\" sizes=\"100vw\" \/>\t\t\t\t\t\t\t\t<\/a>\n\t\t\t\t\t\t\t\t\t\t\t\t\t\t\t<\/div>\n\t\t\t\t\t<\/div>\n\t\t\t\t<\/div>\n\t\t<div class=\"elementor-element elementor-element-314ead8 e-flex e-con-boxed e-con e-parent\" data-id=\"314ead8\" data-element_type=\"container\" data-e-type=\"container\">\n\t\t\t\t\t<div class=\"e-con-inner\">\n\t\t\t\t<div class=\"elementor-element elementor-element-1094caf elementor-widget elementor-widget-heading\" data-id=\"1094caf\" data-element_type=\"widget\" data-e-type=\"widget\" data-widget_type=\"heading.default\">\n\t\t\t\t\t<h2 class=\"elementor-heading-title elementor-size-default\">Notre programme<\/h2>\t\t\t\t<\/div>\n\t\t\t\t\t<\/div>\n\t\t\t\t<\/div>\n\t\t<div class=\"elementor-element elementor-element-aa28a24 e-flex e-con-boxed e-con e-parent\" data-id=\"aa28a24\" data-element_type=\"container\" data-e-type=\"container\">\n\t\t\t\t\t<div class=\"e-con-inner\">\n\t\t\t\t<div class=\"elementor-element elementor-element-79646c7 elementor-widget elementor-widget-image\" data-id=\"79646c7\" data-element_type=\"widget\" data-e-type=\"widget\" data-widget_type=\"image.default\">\n\t\t\t\t\t\t\t\t\t\t\t\t\t\t\t\t<a href=\"https:\/\/www.valerierevel2026.fr\/index.php\/accueil\/\">\n\t\t\t\t\t\t\t<img decoding=\"async\" width=\"300\" height=\"249\" src=\"https:\/\/www.valerierevel2026.fr\/wp-content\/uploads\/2026\/03\/programme--300x249.png\" class=\"attachment-medium size-medium wp-image-250\" alt=\"\" srcset=\"https:\/\/www.valerierevel2026.fr\/wp-content\/uploads\/2026\/03\/programme--300x249.png 300w, https:\/\/www.valerierevel2026.fr\/wp-content\/uploads\/2026\/03\/programme--1024x850.png 1024w, https:\/\/www.valerierevel2026.fr\/wp-content\/uploads\/2026\/03\/programme--768x637.png 768w, https:\/\/www.valerierevel2026.fr\/wp-content\/uploads\/2026\/03\/programme-.png 1250w\" sizes=\"100vw\" \/>\t\t\t\t\t\t\t\t<\/a>\n\t\t\t\t\t\t\t\t\t\t\t\t\t\t\t<\/div>\n\t\t\t\t\t<\/div>\n\t\t\t\t<\/div>\n\t\t<div class=\"elementor-element elementor-element-6b58fb6 e-flex e-con-boxed e-con e-parent\" data-id=\"6b58fb6\" data-element_type=\"container\" data-e-type=\"container\">\n\t\t\t\t\t<div class=\"e-con-inner\">\n\t\t\t\t\t<\/div>\n\t\t\t\t<\/div>\n\t\t<div class=\"elementor-element elementor-element-08c60ee e-flex e-con-boxed e-con e-parent\" data-id=\"08c60ee\" data-element_type=\"container\" data-e-type=\"container\">\n\t\t\t\t\t<div class=\"e-con-inner\">\n\t\t\t\t<div class=\"elementor-element elementor-element-d7c36c9 elementor-widget elementor-widget-heading\" data-id=\"d7c36c9\" data-element_type=\"widget\" data-e-type=\"widget\" data-widget_type=\"heading.default\">\n\t\t\t\t\t<h2 class=\"elementor-heading-title elementor-size-default\">Article Sud Ouest du 10\/03\/2026<\/h2>\t\t\t\t<\/div>\n\t\t\t\t\t<\/div>\n\t\t\t\t<\/div>\n\t\t<div class=\"elementor-element elementor-element-fdddf28 e-flex e-con-boxed e-con e-parent\" data-id=\"fdddf28\" data-element_type=\"container\" data-e-type=\"container\">\n\t\t\t\t\t<div class=\"e-con-inner\">\n\t\t\t\t<div class=\"elementor-element elementor-element-960a914 elementor-widget elementor-widget-image\" data-id=\"960a914\" data-element_type=\"widget\" data-e-type=\"widget\" data-widget_type=\"image.default\">\n\t\t\t\t\t\t\t\t\t\t\t\t\t\t\t\t<a href=\"http:\/\/www.valerierevel2026.fr\/wp-content\/uploads\/2026\/03\/Sud-Ouest.jpg\" data-elementor-open-lightbox=\"yes\" data-elementor-lightbox-title=\"Sud Ouest\" data-e-action-hash=\"#elementor-action%3Aaction%3Dlightbox%26settings%3DeyJpZCI6MjcxLCJ1cmwiOiJodHRwczpcL1wvd3d3LnZhbGVyaWVyZXZlbDIwMjYuZnJcL3dwLWNvbnRlbnRcL3VwbG9hZHNcLzIwMjZcLzAzXC9TdWQtT3Vlc3QuanBnIn0%3D\">\n\t\t\t\t\t\t\t<img loading=\"lazy\" decoding=\"async\" width=\"644\" height=\"501\" src=\"https:\/\/www.valerierevel2026.fr\/wp-content\/uploads\/2026\/03\/Sud-Ouest-1024x797.jpg\" class=\"attachment-large size-large wp-image-271\" alt=\"\" srcset=\"https:\/\/www.valerierevel2026.fr\/wp-content\/uploads\/2026\/03\/Sud-Ouest-1024x797.jpg 1024w, https:\/\/www.valerierevel2026.fr\/wp-content\/uploads\/2026\/03\/Sud-Ouest-300x233.jpg 300w, https:\/\/www.valerierevel2026.fr\/wp-content\/uploads\/2026\/03\/Sud-Ouest-768x598.jpg 768w, https:\/\/www.valerierevel2026.fr\/wp-content\/uploads\/2026\/03\/Sud-Ouest.jpg 1334w\" sizes=\"100vw\" \/>\t\t\t\t\t\t\t\t<\/a>\n\t\t\t\t\t\t\t\t\t\t\t\t\t\t\t<\/div>\n\t\t\t\t\t<\/div>\n\t\t\t\t<\/div>\n\t\t<div class=\"elementor-element elementor-element-65fc1dd e-flex e-con-boxed e-con e-parent\" data-id=\"65fc1dd\" data-element_type=\"container\" data-e-type=\"container\">\n\t\t\t\t\t<div class=\"e-con-inner\">\n\t\t\t\t<div class=\"elementor-element elementor-element-cc70d64 elementor-widget elementor-widget-heading\" data-id=\"cc70d64\" data-element_type=\"widget\" data-e-type=\"widget\" data-widget_type=\"heading.default\">\n\t\t\t\t\t<h2 class=\"elementor-heading-title elementor-size-default\">D\u00e9bat organis\u00e9 par La R\u00e9publique des Pyr\u00e9n\u00e9es<\/h2>\t\t\t\t<\/div>\n\t\t\t\t\t<\/div>\n\t\t\t\t<\/div>\n\t\t<div class=\"elementor-element elementor-element-146b532 e-flex e-con-boxed e-con e-parent\" data-id=\"146b532\" data-element_type=\"container\" data-e-type=\"container\">\n\t\t\t\t\t<div class=\"e-con-inner\">\n\t\t\t\t\t<\/div>\n\t\t\t\t<\/div>\n\t\t<div class=\"elementor-element elementor-element-aad666e e-flex e-con-boxed e-con e-parent\" data-id=\"aad666e\" data-element_type=\"container\" data-e-type=\"container\">\n\t\t\t\t\t<div class=\"e-con-inner\">\n\t\t\t\t<div class=\"elementor-element elementor-element-c2d725c elementor-widget elementor-widget-html\" data-id=\"c2d725c\" data-element_type=\"widget\" data-e-type=\"widget\" data-widget_type=\"html.default\">\n\t\t\t\t\t<iframe src=\"\/\/www.ultimedia.com\/deliver\/generic\/iframe\/mdtk\/01722489\/src\/3lf5xsq\/zone\/8\/showtitle\/1\/\" frameborder=\"0\" scrolling=\"no\" marginwidth=\"0\" marginheight=\"0\" hspace=\"0\" vspace=\"0\" webkitallowfullscreen=\"true\" mozallowfullscreen=\"true\" allowfullscreen=\"true\" allow=\"autoplay\" referrerpolicy=\"no-referrer-when-downgrade\"width=\"646\" height=\"363\" allow=\"autoplay; fullscreen\"><\/iframe>\t\t\t\t<\/div>\n\t\t\t\t\t<\/div>\n\t\t\t\t<\/div>\n\t\t\t\t<\/div>\n\t\t","protected":false},"excerpt":{"rendered":"<p>Le vrai du faux Notre programme Article Sud Ouest du 10\/03\/2026 D\u00e9bat organis\u00e9 par La R\u00e9publique des Pyr\u00e9n\u00e9es<\/p>\n","protected":false},"author":1,"featured_media":0,"parent":0,"menu_order":0,"comment_status":"closed","ping_status":"closed","template":"elementor_header_footer","meta":{"om_disable_all_campaigns":false,"_monsterinsights_skip_tracking":false,"_monsterinsights_sitenote_active":false,"_monsterinsights_sitenote_note":"","_monsterinsights_sitenote_category":0,"footnotes":""},"class_list":["post-30","page","type-page","status-publish","hentry"],"aioseo_notices":[],"_links":{"self":[{"href":"https:\/\/www.valerierevel2026.fr\/index.php\/wp-json\/wp\/v2\/pages\/30","targetHints":{"allow":["GET"]}}],"collection":[{"href":"https:\/\/www.valerierevel2026.fr\/index.php\/wp-json\/wp\/v2\/pages"}],"about":[{"href":"https:\/\/www.valerierevel2026.fr\/index.php\/wp-json\/wp\/v2\/types\/page"}],"author":[{"embeddable":true,"href":"https:\/\/www.valerierevel2026.fr\/index.php\/wp-json\/wp\/v2\/users\/1"}],"replies":[{"embeddable":true,"href":"https:\/\/www.valerierevel2026.fr\/index.php\/wp-json\/wp\/v2\/comments?post=30"}],"version-history":[{"count":109,"href":"https:\/\/www.valerierevel2026.fr\/index.php\/wp-json\/wp\/v2\/pages\/30\/revisions"}],"predecessor-version":[{"id":283,"href":"https:\/\/www.valerierevel2026.fr\/index.php\/wp-json\/wp\/v2\/pages\/30\/revisions\/283"}],"wp:attachment":[{"href":"https:\/\/www.valerierevel2026.fr\/index.php\/wp-json\/wp\/v2\/media?parent=30"}],"curies":[{"name":"wp","href":"https:\/\/api.w.org\/{rel}","templated":true}]}}